{"id":2,"date":"2025-09-04T00:58:59","date_gmt":"2025-09-04T00:58:59","guid":{"rendered":"https:\/\/immersivalab.com\/?page_id=2"},"modified":"2026-04-07T14:12:31","modified_gmt":"2026-04-07T20:12:31","slug":"sample-page","status":"publish","type":"page","link":"https:\/\/immersivalab.com\/proeducation\/","title":{"rendered":"Home"},"content":{"rendered":"<p>[et_pb_section fb_built=&#8221;1&#8243; _builder_version=&#8221;4.27.4&#8243; _module_preset=&#8221;default&#8221; global_colors_info=&#8221;{}&#8221;][et_pb_row _builder_version=&#8221;4.27.4&#8243; _module_preset=&#8221;default&#8221; global_colors_info=&#8221;{}&#8221;][et_pb_column type=&#8221;4_4&#8243; _builder_version=&#8221;4.27.4&#8243; _module_preset=&#8221;default&#8221; global_colors_info=&#8221;{}&#8221;][et_pb_menu active_link_color=&#8221;#FFFFFF&#8221; logo=&#8221;https:\/\/immersivalab.com\/proeducation\/wp-content\/uploads\/2026\/03\/Diseno-sin-titulo-1-scaled.png&#8221; logo_width=&#8221;25%&#8221; logo_width_tablet=&#8221;25%&#8221; logo_width_phone=&#8221;70%&#8221; logo_width_last_edited=&#8221;on|phone&#8221; logo_max_width_tablet=&#8221;&#8221; logo_max_width_phone=&#8221;69%&#8221; logo_max_width_last_edited=&#8221;on|phone&#8221; logo_height_tablet=&#8221;&#8221; logo_height_phone=&#8221;&#8221; logo_height_last_edited=&#8221;on|phone&#8221; _builder_version=&#8221;4.27.4&#8243; _module_preset=&#8221;default&#8221; menu_text_color=&#8221;#FFFFFF&#8221; background_color=&#8221;RGBA(255,255,255,0)&#8221; text_orientation=&#8221;right&#8221; width_tablet=&#8221;&#8221; width_phone=&#8221;100%&#8221; width_last_edited=&#8221;on|phone&#8221; max_width_tablet=&#8221;&#8221; max_width_phone=&#8221;100%&#8221; max_width_last_edited=&#8221;on|phone&#8221; min_height_tablet=&#8221;&#8221; min_height_phone=&#8221;&#8221; min_height_last_edited=&#8221;on|phone&#8221; height_tablet=&#8221;&#8221; height_phone=&#8221;100px&#8221; height_last_edited=&#8221;on|phone&#8221; max_height_tablet=&#8221;&#8221; max_height_phone=&#8221;&#8221; max_height_last_edited=&#8221;on|phone&#8221; custom_margin=&#8221;-70px||||false|false&#8221; custom_margin_tablet=&#8221;-70px||||false|false&#8221; custom_margin_phone=&#8221;-51px||||false|false&#8221; custom_margin_last_edited=&#8221;on|phone&#8221; custom_padding=&#8221;||||false|false&#8221; module_alignment_tablet=&#8221;&#8221; module_alignment_phone=&#8221;center&#8221; module_alignment_last_edited=&#8221;on|phone&#8221; global_colors_info=&#8221;{}&#8221; locked=&#8221;off&#8221;][\/et_pb_menu][\/et_pb_column][\/et_pb_row][\/et_pb_section][et_pb_section fb_built=&#8221;1&#8243; admin_label=&#8221;section&#8221; _builder_version=&#8221;4.27.4&#8243; custom_margin=&#8221;-70px||||false|false&#8221; global_colors_info=&#8221;{}&#8221;][et_pb_row column_structure=&#8221;1_3,1_3,1_3&#8243; _builder_version=&#8221;4.27.4&#8243; _module_preset=&#8221;default&#8221; global_colors_info=&#8221;{}&#8221;][et_pb_column type=&#8221;1_3&#8243; _builder_version=&#8221;4.27.4&#8243; _module_preset=&#8221;default&#8221; global_colors_info=&#8221;{}&#8221;][et_pb_image src=&#8221;https:\/\/immersivalab.com\/proeducation\/wp-content\/uploads\/2025\/10\/Education-2.jpg&#8221; title_text=&#8221;Education-2&#8243; url=&#8221;https:\/\/immersivalab.com\/proeducation\/education\/&#8221; url_new_window=&#8221;on&#8221; _builder_version=&#8221;4.27.4&#8243; _module_preset=&#8221;default&#8221; global_colors_info=&#8221;{}&#8221;][\/et_pb_image][et_pb_text _builder_version=&#8221;4.27.4&#8243; _module_preset=&#8221;default&#8221; header_text_color=&#8221;#FFFFFF&#8221; global_colors_info=&#8221;{}&#8221;]<\/p>\n<h1>Immersiva Lab<br \/>Education<\/h1>\n<p>[\/et_pb_text][et_pb_text _builder_version=&#8221;4.27.4&#8243; _module_preset=&#8221;default&#8221; text_text_color=&#8221;#FFFFFF&#8221; header_text_color=&#8221;#FFFFFF&#8221; global_colors_info=&#8221;{}&#8221;]<\/p>\n<h2><span style=\"color: #ffffff;\">Certificaciones, cursos y capacitaciones para audio y producci\u00f3n musical.<\/span><\/h2>\n<p>[\/et_pb_text][et_pb_text _builder_version=&#8221;4.27.4&#8243; _module_preset=&#8221;default&#8221; global_colors_info=&#8221;{}&#8221;]<\/p>\n<p><span style=\"color: #ffffff;\">Cuando tu pasi\u00f3n y tu carrera son uno mismo, la educaci\u00f3n es un motor que lleva tu talento y habilidades a nuevas posibilidades de desarrollo profesional. Nuestro equipo cuenta con m\u00e1s de 15 a\u00f1os de experiencia en dise\u00f1o de planes de estudios, docencia, conferencias e inserci\u00f3n profesional: entendemos las necesidades de quienes est\u00e1n en la industria as\u00ed como de quienes quieren entrar a esta.<\/span><\/p>\n<p>[\/et_pb_text][\/et_pb_column][et_pb_column type=&#8221;1_3&#8243; _builder_version=&#8221;4.27.4&#8243; _module_preset=&#8221;default&#8221; global_colors_info=&#8221;{}&#8221;][et_pb_image src=&#8221;https:\/\/immersivalab.com\/proeducation\/wp-content\/uploads\/2025\/10\/2.jpg&#8221; title_text=&#8221;Immersiva Lab Entertainment&#8221; url=&#8221;https:\/\/immersivalab.com\/proeducation\/music\/&#8221; url_new_window=&#8221;on&#8221; _builder_version=&#8221;4.27.4&#8243; _module_preset=&#8221;default&#8221; global_colors_info=&#8221;{}&#8221;][\/et_pb_image][et_pb_text _builder_version=&#8221;4.27.4&#8243; _module_preset=&#8221;default&#8221; header_text_color=&#8221;#FFFFFF&#8221; global_colors_info=&#8221;{}&#8221;]<\/p>\n<h1>Immersiva Lab<br \/>Entertainment<\/h1>\n<p>[\/et_pb_text][et_pb_text _builder_version=&#8221;4.27.4&#8243; _module_preset=&#8221;default&#8221; global_colors_info=&#8221;{}&#8221;]<\/p>\n<div class=\"et_pb_module et_pb_heading et_pb_heading_3 et_pb_bg_layout_\">\n<div class=\"et_pb_heading_container\">\n<h2 class=\"et_pb_module_heading\"><span style=\"color: #ffffff;\">Producci\u00f3n musical, mezcla en audio inmersivo y label services.<\/span><\/h2>\n<\/div>\n<\/div>\n<p>[\/et_pb_text][et_pb_text _builder_version=&#8221;4.27.4&#8243; _module_preset=&#8221;default&#8221; global_colors_info=&#8221;{}&#8221;]<\/p>\n<p data-start=\"115\" data-end=\"542\"><span style=\"color: #ffffff;\">Con m\u00e1s de 30 a\u00f1os de experiencia, nuestro equipo se especializa en la producci\u00f3n musical y la mezcla en audio inmersivo (Dolby Atmos, Eclipsa Audio). Adem\u00e1s, ofrecemos label services que acompa\u00f1an a artistas y sellos en cada etapa: desde la distribuci\u00f3n hasta la estrategia de posicionamiento, asegurando que cada lanzamiento logre el impacto que merece.<\/span><\/p>\n<p>[\/et_pb_text][\/et_pb_column][et_pb_column type=&#8221;1_3&#8243; _builder_version=&#8221;4.27.4&#8243; _module_preset=&#8221;default&#8221; global_colors_info=&#8221;{}&#8221;][et_pb_image src=&#8221;https:\/\/immersivalab.com\/proeducation\/wp-content\/uploads\/2025\/10\/Immersiva-Lab-Design.jpg&#8221; title_text=&#8221;Immersiva Lab Design&#8221; url=&#8221;https:\/\/immersivalab.com\/proeducation\/design\/&#8221; _builder_version=&#8221;4.27.4&#8243; _module_preset=&#8221;default&#8221; global_colors_info=&#8221;{}&#8221;][\/et_pb_image][et_pb_text _builder_version=&#8221;4.27.4&#8243; _module_preset=&#8221;default&#8221; header_text_color=&#8221;#FFFFFF&#8221; global_colors_info=&#8221;{}&#8221;]<\/p>\n<h1>Immersiva Lab<br \/>Design<\/h1>\n<p>[\/et_pb_text][et_pb_text _builder_version=&#8221;4.27.4&#8243; _module_preset=&#8221;default&#8221; header_text_color=&#8221;#FFFFFF&#8221; global_colors_info=&#8221;{}&#8221;]<\/p>\n<div class=\"et_pb_module et_pb_heading et_pb_heading_5 et_pb_bg_layout_\">\n<div class=\"et_pb_heading_container\">\n<h2 class=\"et_pb_module_heading\"><span style=\"color: #ffffff;\">Consultor\u00eda, dise\u00f1o ac\u00fastico arquitect\u00f3nico e integraci\u00f3n de sistemas audiovisuales<\/span><\/h2>\n<\/div>\n<\/div>\n<div class=\"et_pb_module et_pb_text et_pb_text_2  et_pb_text_align_center et_pb_bg_layout_light\">\n<div class=\"et_pb_text_inner\"><\/div>\n<\/div>\n<p>[\/et_pb_text][et_pb_text _builder_version=&#8221;4.27.4&#8243; _module_preset=&#8221;default&#8221; global_colors_info=&#8221;{}&#8221;]<\/p>\n<p><span style=\"color: #ffffff;\">Consultor\u00eda para proyectos de ac\u00fastica arquitect\u00f3nica e integraci\u00f3n de sistemas audiovisuales en espacios nuevos o existentes. Nuestro equipo trabaja con simulaciones, normativas internacionales y altos est\u00e1ndares de calidad para el an\u00e1lisis de audio y sonido en estudios de grabaci\u00f3n, salas de cine, arenas, auditorios, espacios corporativos, parques industriales y m\u00e1s.<\/span><\/p>\n<p>[\/et_pb_text][\/et_pb_column][\/et_pb_row][\/et_pb_section][et_pb_section fb_built=&#8221;1&#8243; _builder_version=&#8221;4.27.4&#8243; _module_preset=&#8221;default&#8221; background_color=&#8221;#FFFFFF&#8221; global_colors_info=&#8221;{}&#8221;][et_pb_row _builder_version=&#8221;4.27.4&#8243; _module_preset=&#8221;default&#8221; global_colors_info=&#8221;{}&#8221;][et_pb_column type=&#8221;4_4&#8243; _builder_version=&#8221;4.27.4&#8243; _module_preset=&#8221;default&#8221; global_colors_info=&#8221;{}&#8221;][et_pb_text _builder_version=&#8221;4.27.4&#8243; _module_preset=&#8221;default&#8221; global_colors_info=&#8221;{}&#8221;]<\/p>\n<h1>Contacto<\/h1>\n<p>[\/et_pb_text][\/et_pb_column][\/et_pb_row][et_pb_row _builder_version=&#8221;4.27.4&#8243; _module_preset=&#8221;default&#8221; global_colors_info=&#8221;{}&#8221;][et_pb_column type=&#8221;4_4&#8243; _builder_version=&#8221;4.27.4&#8243; _module_preset=&#8221;default&#8221; global_colors_info=&#8221;{}&#8221;][et_pb_contact_form captcha=&#8221;off&#8221; email=&#8221;contacto@immersivalab.com&#8221; custom_message=&#8221;Desde Pagina Web (immersivalab.com)&#8221; success_message=&#8221;\u00a1Gracias por ponerse en contacto! A la brevedad nos comunicaremos con usted.&#8221; _builder_version=&#8221;4.27.4&#8243; _module_preset=&#8221;default&#8221; _unique_id=&#8221;3e0242bc-e595-4925-90c6-5c35872ca418&#8243; custom_button=&#8221;on&#8221; button_text_color=&#8221;#8089D2&#8243; global_colors_info=&#8221;{}&#8221;][et_pb_contact_field field_id=&#8221;Name&#8221; field_title=&#8221;Nombre&#8221; _builder_version=&#8221;4.27.4&#8243; global_colors_info=&#8221;{}&#8221; button_text_size__hover_enabled=&#8221;off&#8221; button_one_text_size__hover_enabled=&#8221;off&#8221; button_two_text_size__hover_enabled=&#8221;off&#8221; button_text_color__hover_enabled=&#8221;off&#8221; button_one_text_color__hover_enabled=&#8221;off&#8221; button_two_text_color__hover_enabled=&#8221;off&#8221; button_border_width__hover_enabled=&#8221;off&#8221; button_one_border_width__hover_enabled=&#8221;off&#8221; button_two_border_width__hover_enabled=&#8221;off&#8221; button_border_color__hover_enabled=&#8221;off&#8221; button_one_border_color__hover_enabled=&#8221;off&#8221; button_two_border_color__hover_enabled=&#8221;off&#8221; button_border_radius__hover_enabled=&#8221;off&#8221; button_one_border_radius__hover_enabled=&#8221;off&#8221; button_two_border_radius__hover_enabled=&#8221;off&#8221; button_letter_spacing__hover_enabled=&#8221;off&#8221; button_one_letter_spacing__hover_enabled=&#8221;off&#8221; button_two_letter_spacing__hover_enabled=&#8221;off&#8221; button_bg_color__hover_enabled=&#8221;off&#8221; button_one_bg_color__hover_enabled=&#8221;off&#8221; button_two_bg_color__hover_enabled=&#8221;off&#8221;][\/et_pb_contact_field][et_pb_contact_field field_id=&#8221;Email&#8221; field_title=&#8221;Direcci\u00f3n de correo electr\u00f3nico&#8221; field_type=&#8221;email&#8221; _builder_version=&#8221;4.16&#8243; global_colors_info=&#8221;{}&#8221; button_text_size__hover_enabled=&#8221;off&#8221; button_one_text_size__hover_enabled=&#8221;off&#8221; button_two_text_size__hover_enabled=&#8221;off&#8221; button_text_color__hover_enabled=&#8221;off&#8221; button_one_text_color__hover_enabled=&#8221;off&#8221; button_two_text_color__hover_enabled=&#8221;off&#8221; button_border_width__hover_enabled=&#8221;off&#8221; button_one_border_width__hover_enabled=&#8221;off&#8221; button_two_border_width__hover_enabled=&#8221;off&#8221; button_border_color__hover_enabled=&#8221;off&#8221; button_one_border_color__hover_enabled=&#8221;off&#8221; button_two_border_color__hover_enabled=&#8221;off&#8221; button_border_radius__hover_enabled=&#8221;off&#8221; button_one_border_radius__hover_enabled=&#8221;off&#8221; button_two_border_radius__hover_enabled=&#8221;off&#8221; button_letter_spacing__hover_enabled=&#8221;off&#8221; button_one_letter_spacing__hover_enabled=&#8221;off&#8221; button_two_letter_spacing__hover_enabled=&#8221;off&#8221; button_bg_color__hover_enabled=&#8221;off&#8221; button_one_bg_color__hover_enabled=&#8221;off&#8221; button_two_bg_color__hover_enabled=&#8221;off&#8221;][\/et_pb_contact_field][et_pb_contact_field field_id=&#8221;Telefono&#8221; field_title=&#8221;Telefono&#8221; fullwidth_field=&#8221;on&#8221; _builder_version=&#8221;4.27.4&#8243; _module_preset=&#8221;default&#8221; global_colors_info=&#8221;{}&#8221;][\/et_pb_contact_field][et_pb_contact_field field_id=&#8221;Message&#8221; field_title=&#8221;Mensaje&#8221; field_type=&#8221;text&#8221; fullwidth_field=&#8221;on&#8221; _builder_version=&#8221;4.16&#8243; global_colors_info=&#8221;{}&#8221; button_text_size__hover_enabled=&#8221;off&#8221; button_one_text_size__hover_enabled=&#8221;off&#8221; button_two_text_size__hover_enabled=&#8221;off&#8221; button_text_color__hover_enabled=&#8221;off&#8221; button_one_text_color__hover_enabled=&#8221;off&#8221; button_two_text_color__hover_enabled=&#8221;off&#8221; button_border_width__hover_enabled=&#8221;off&#8221; button_one_border_width__hover_enabled=&#8221;off&#8221; button_two_border_width__hover_enabled=&#8221;off&#8221; button_border_color__hover_enabled=&#8221;off&#8221; button_one_border_color__hover_enabled=&#8221;off&#8221; button_two_border_color__hover_enabled=&#8221;off&#8221; button_border_radius__hover_enabled=&#8221;off&#8221; button_one_border_radius__hover_enabled=&#8221;off&#8221; button_two_border_radius__hover_enabled=&#8221;off&#8221; button_letter_spacing__hover_enabled=&#8221;off&#8221; button_one_letter_spacing__hover_enabled=&#8221;off&#8221; button_two_letter_spacing__hover_enabled=&#8221;off&#8221; button_bg_color__hover_enabled=&#8221;off&#8221; button_one_bg_color__hover_enabled=&#8221;off&#8221; button_two_bg_color__hover_enabled=&#8221;off&#8221;][\/et_pb_contact_field][\/et_pb_contact_form][\/et_pb_column][\/et_pb_row][\/et_pb_section][et_pb_section fb_built=&#8221;1&#8243; _builder_version=&#8221;4.27.4&#8243; _module_preset=&#8221;default&#8221; global_colors_info=&#8221;{}&#8221;][et_pb_row column_structure=&#8221;3_4,1_4&#8243; _builder_version=&#8221;4.27.4&#8243; _module_preset=&#8221;default&#8221; global_colors_info=&#8221;{}&#8221;][et_pb_column type=&#8221;3_4&#8243; _builder_version=&#8221;4.27.4&#8243; _module_preset=&#8221;default&#8221; global_colors_info=&#8221;{}&#8221;][et_pb_text _builder_version=&#8221;4.27.4&#8243; _module_preset=&#8221;default&#8221; text_text_color=&#8221;#FFFFFF&#8221; header_text_color=&#8221;#FFFFFF&#8221; header_2_text_color=&#8221;#FFFFFF&#8221; header_3_text_color=&#8221;#FFFFFF&#8221; header_4_text_color=&#8221;#FFFFFF&#8221; header_6_text_color=&#8221;#FFFFFF&#8221; global_colors_info=&#8221;{}&#8221;]<\/p>\n<h1>Immersiva Lab<\/h1>\n<p><strong>\u00a0\u00a9 2025<\/strong><\/p>\n<p>Aviso de privacidad<\/p>\n<p>[\/et_pb_text][\/et_pb_column][et_pb_column type=&#8221;1_4&#8243; _builder_version=&#8221;4.27.4&#8243; _module_preset=&#8221;default&#8221; global_colors_info=&#8221;{}&#8221;][et_pb_text _builder_version=&#8221;4.27.4&#8243; _module_preset=&#8221;default&#8221; text_text_color=&#8221;#FFFFFF&#8221; header_text_color=&#8221;#FFFFFF&#8221; global_colors_info=&#8221;{}&#8221;]<\/p>\n<h1>Con\u00f3cenos en redes sociales<\/h1>\n<p>[\/et_pb_text][et_pb_social_media_follow _builder_version=&#8221;4.27.4&#8243; _module_preset=&#8221;default&#8221; global_colors_info=&#8221;{}&#8221;][et_pb_social_media_follow_network social_network=&#8221;facebook&#8221; url=&#8221;http:\/\/facebook.com\/immersivalab\/?locale=es_LA&#8221; _builder_version=&#8221;4.27.4&#8243; _module_preset=&#8221;default&#8221; background_color=&#8221;#3b5998&#8243; global_colors_info=&#8221;{}&#8221; follow_button=&#8221;off&#8221; url_new_window=&#8221;on&#8221;]facebook[\/et_pb_social_media_follow_network][et_pb_social_media_follow_network social_network=&#8221;instagram&#8221; url=&#8221;http:\/\/instagram.com\/immersivalab\/&#8221; _builder_version=&#8221;4.27.4&#8243; _module_preset=&#8221;default&#8221; background_color=&#8221;#ea2c59&#8243; global_colors_info=&#8221;{}&#8221; follow_button=&#8221;off&#8221; url_new_window=&#8221;on&#8221;]instagram[\/et_pb_social_media_follow_network][et_pb_social_media_follow_network social_network=&#8221;linkedin&#8221; url=&#8221;https:\/\/www.linkedin.com\/company\/immersiva-lab\/?viewAsMember=true&#8221; _builder_version=&#8221;4.27.4&#8243; _module_preset=&#8221;default&#8221; background_color=&#8221;#007bb6&#8243; global_colors_info=&#8221;{}&#8221; follow_button=&#8221;off&#8221; url_new_window=&#8221;on&#8221;]linkedin[\/et_pb_social_media_follow_network][\/et_pb_social_media_follow][\/et_pb_column][\/et_pb_row][\/et_pb_section]<\/p>\n","protected":false},"excerpt":{"rendered":"<p>Immersiva LabEducationCertificaciones, cursos y capacitaciones para audio y producci\u00f3n musical.Cuando tu pasi\u00f3n y tu carrera son uno mismo, la educaci\u00f3n es un motor que lleva tu talento y habilidades a nuevas posibilidades de desarrollo profesional. Nuestro equipo cuenta con m\u00e1s de 15 a\u00f1os de experiencia en dise\u00f1o de planes de estudios, docencia, conferencias e inserci\u00f3n [&hellip;]<\/p>\n","protected":false},"author":1,"featured_media":0,"parent":0,"menu_order":0,"comment_status":"closed","ping_status":"open","template":"page-template-blank.php","meta":{"_et_pb_use_builder":"on","_et_pb_old_content":"<!-- wp:paragraph -->\n<p>This is an example page. It's different from a blog post because it will stay in one place and will show up in your site navigation (in most themes). Most people start with an About page that introduces them to potential site visitors. It might say something like this:<\/p>\n<!-- \/wp:paragraph -->\n\n<!-- wp:quote -->\n<blockquote class=\"wp-block-quote\"><p>Hi there! I'm a bike messenger by day, aspiring actor by night, and this is my website. I live in Los Angeles, have a great dog named Jack, and I like pi&#241;a coladas. (And gettin' caught in the rain.)<\/p><\/blockquote>\n<!-- \/wp:quote -->\n\n<!-- wp:paragraph -->\n<p>...or something like this:<\/p>\n<!-- \/wp:paragraph -->\n\n<!-- wp:quote -->\n<blockquote class=\"wp-block-quote\"><p>The XYZ Doohickey Company was founded in 1971, and has been providing quality doohickeys to the public ever since. Located in Gotham City, XYZ employs over 2,000 people and does all kinds of awesome things for the Gotham community.<\/p><\/blockquote>\n<!-- \/wp:quote -->\n\n<!-- wp:paragraph -->\n<p>As a new WordPress user, you should go to <a href=\"https:\/\/immersivalab.com\/proeducation\/wp-admin\/\">your dashboard<\/a> to delete this page and create new pages for your content. Have fun!<\/p>\n<!-- \/wp:paragraph -->","_et_gb_content_width":"","footnotes":""},"class_list":["post-2","page","type-page","status-publish","hentry"],"yoast_head":"<!-- This site is optimized with the Yoast SEO plugin v25.8 - https:\/\/yoast.com\/wordpress\/plugins\/seo\/ -->\n<title>Home - Immersiva Lab<\/title>\n<meta name=\"robots\" content=\"index, follow, max-snippet:-1, max-image-preview:large, max-video-preview:-1\" \/>\n<link rel=\"canonical\" href=\"https:\/\/immersivalab.com\/proeducation\/\" \/>\n<meta property=\"og:locale\" content=\"es_MX\" \/>\n<meta property=\"og:type\" content=\"article\" \/>\n<meta property=\"og:title\" content=\"Home - Immersiva Lab\" \/>\n<meta property=\"og:description\" content=\"Immersiva LabEducationCertificaciones, cursos y capacitaciones para audio y producci\u00f3n musical.Cuando tu pasi\u00f3n y tu carrera son uno mismo, la educaci\u00f3n es un motor que lleva tu talento y habilidades a nuevas posibilidades de desarrollo profesional. Nuestro equipo cuenta con m\u00e1s de 15 a\u00f1os de experiencia en dise\u00f1o de planes de estudios, docencia, conferencias e inserci\u00f3n [&hellip;]\" \/>\n<meta property=\"og:url\" content=\"https:\/\/immersivalab.com\/proeducation\/\" \/>\n<meta property=\"og:site_name\" content=\"Immersiva Lab\" \/>\n<meta property=\"article:modified_time\" content=\"2026-04-07T20:12:31+00:00\" \/>\n<meta name=\"twitter:card\" content=\"summary_large_image\" \/>\n<meta name=\"twitter:label1\" content=\"Tiempo de lectura\" \/>\n\t<meta name=\"twitter:data1\" content=\"2 minutos\" \/>\n<script type=\"application\/ld+json\" class=\"yoast-schema-graph\">{\"@context\":\"https:\/\/schema.org\",\"@graph\":[{\"@type\":\"WebPage\",\"@id\":\"https:\/\/immersivalab.com\/proeducation\/\",\"url\":\"https:\/\/immersivalab.com\/proeducation\/\",\"name\":\"Home - Immersiva Lab\",\"isPartOf\":{\"@id\":\"https:\/\/immersivalab.com\/proeducation\/#website\"},\"datePublished\":\"2025-09-04T00:58:59+00:00\",\"dateModified\":\"2026-04-07T20:12:31+00:00\",\"breadcrumb\":{\"@id\":\"https:\/\/immersivalab.com\/proeducation\/#breadcrumb\"},\"inLanguage\":\"es\",\"potentialAction\":[{\"@type\":\"ReadAction\",\"target\":[\"https:\/\/immersivalab.com\/proeducation\/\"]}]},{\"@type\":\"BreadcrumbList\",\"@id\":\"https:\/\/immersivalab.com\/proeducation\/#breadcrumb\",\"itemListElement\":[{\"@type\":\"ListItem\",\"position\":1,\"name\":\"Portada\",\"item\":\"https:\/\/immersivalab.com\/proeducation\/\"},{\"@type\":\"ListItem\",\"position\":2,\"name\":\"Home\"}]},{\"@type\":\"WebSite\",\"@id\":\"https:\/\/immersivalab.com\/proeducation\/#website\",\"url\":\"https:\/\/immersivalab.com\/proeducation\/\",\"name\":\"Immersiva Lab\",\"description\":\"\",\"publisher\":{\"@id\":\"https:\/\/immersivalab.com\/proeducation\/#organization\"},\"potentialAction\":[{\"@type\":\"SearchAction\",\"target\":{\"@type\":\"EntryPoint\",\"urlTemplate\":\"https:\/\/immersivalab.com\/proeducation\/?s={search_term_string}\"},\"query-input\":{\"@type\":\"PropertyValueSpecification\",\"valueRequired\":true,\"valueName\":\"search_term_string\"}}],\"inLanguage\":\"es\"},{\"@type\":\"Organization\",\"@id\":\"https:\/\/immersivalab.com\/proeducation\/#organization\",\"name\":\"Immersiva Lab\",\"url\":\"https:\/\/immersivalab.com\/proeducation\/\",\"logo\":{\"@type\":\"ImageObject\",\"inLanguage\":\"es\",\"@id\":\"https:\/\/immersivalab.com\/proeducation\/#\/schema\/logo\/image\/\",\"url\":\"https:\/\/immersivalab.com\/proeducation\/wp-content\/uploads\/2025\/09\/cropped-LOGO-PRINCIPAL-TXTNEGRO-24-scaled-1.png\",\"contentUrl\":\"https:\/\/immersivalab.com\/proeducation\/wp-content\/uploads\/2025\/09\/cropped-LOGO-PRINCIPAL-TXTNEGRO-24-scaled-1.png\",\"width\":2558,\"height\":516,\"caption\":\"Immersiva Lab\"},\"image\":{\"@id\":\"https:\/\/immersivalab.com\/proeducation\/#\/schema\/logo\/image\/\"}}]}<\/script>\n<!-- \/ Yoast SEO plugin. -->","yoast_head_json":{"title":"Home - Immersiva Lab","robots":{"index":"index","follow":"follow","max-snippet":"max-snippet:-1","max-image-preview":"max-image-preview:large","max-video-preview":"max-video-preview:-1"},"canonical":"https:\/\/immersivalab.com\/proeducation\/","og_locale":"es_MX","og_type":"article","og_title":"Home - Immersiva Lab","og_description":"Immersiva LabEducationCertificaciones, cursos y capacitaciones para audio y producci\u00f3n musical.Cuando tu pasi\u00f3n y tu carrera son uno mismo, la educaci\u00f3n es un motor que lleva tu talento y habilidades a nuevas posibilidades de desarrollo profesional. Nuestro equipo cuenta con m\u00e1s de 15 a\u00f1os de experiencia en dise\u00f1o de planes de estudios, docencia, conferencias e inserci\u00f3n [&hellip;]","og_url":"https:\/\/immersivalab.com\/proeducation\/","og_site_name":"Immersiva Lab","article_modified_time":"2026-04-07T20:12:31+00:00","twitter_card":"summary_large_image","twitter_misc":{"Tiempo de lectura":"2 minutos"},"schema":{"@context":"https:\/\/schema.org","@graph":[{"@type":"WebPage","@id":"https:\/\/immersivalab.com\/proeducation\/","url":"https:\/\/immersivalab.com\/proeducation\/","name":"Home - Immersiva Lab","isPartOf":{"@id":"https:\/\/immersivalab.com\/proeducation\/#website"},"datePublished":"2025-09-04T00:58:59+00:00","dateModified":"2026-04-07T20:12:31+00:00","breadcrumb":{"@id":"https:\/\/immersivalab.com\/proeducation\/#breadcrumb"},"inLanguage":"es","potentialAction":[{"@type":"ReadAction","target":["https:\/\/immersivalab.com\/proeducation\/"]}]},{"@type":"BreadcrumbList","@id":"https:\/\/immersivalab.com\/proeducation\/#breadcrumb","itemListElement":[{"@type":"ListItem","position":1,"name":"Portada","item":"https:\/\/immersivalab.com\/proeducation\/"},{"@type":"ListItem","position":2,"name":"Home"}]},{"@type":"WebSite","@id":"https:\/\/immersivalab.com\/proeducation\/#website","url":"https:\/\/immersivalab.com\/proeducation\/","name":"Immersiva Lab","description":"","publisher":{"@id":"https:\/\/immersivalab.com\/proeducation\/#organization"},"potentialAction":[{"@type":"SearchAction","target":{"@type":"EntryPoint","urlTemplate":"https:\/\/immersivalab.com\/proeducation\/?s={search_term_string}"},"query-input":{"@type":"PropertyValueSpecification","valueRequired":true,"valueName":"search_term_string"}}],"inLanguage":"es"},{"@type":"Organization","@id":"https:\/\/immersivalab.com\/proeducation\/#organization","name":"Immersiva Lab","url":"https:\/\/immersivalab.com\/proeducation\/","logo":{"@type":"ImageObject","inLanguage":"es","@id":"https:\/\/immersivalab.com\/proeducation\/#\/schema\/logo\/image\/","url":"https:\/\/immersivalab.com\/proeducation\/wp-content\/uploads\/2025\/09\/cropped-LOGO-PRINCIPAL-TXTNEGRO-24-scaled-1.png","contentUrl":"https:\/\/immersivalab.com\/proeducation\/wp-content\/uploads\/2025\/09\/cropped-LOGO-PRINCIPAL-TXTNEGRO-24-scaled-1.png","width":2558,"height":516,"caption":"Immersiva Lab"},"image":{"@id":"https:\/\/immersivalab.com\/proeducation\/#\/schema\/logo\/image\/"}}]}},"_links":{"self":[{"href":"https:\/\/immersivalab.com\/proeducation\/wp-json\/wp\/v2\/pages\/2","targetHints":{"allow":["GET"]}}],"collection":[{"href":"https:\/\/immersivalab.com\/proeducation\/wp-json\/wp\/v2\/pages"}],"about":[{"href":"https:\/\/immersivalab.com\/proeducation\/wp-json\/wp\/v2\/types\/page"}],"author":[{"embeddable":true,"href":"https:\/\/immersivalab.com\/proeducation\/wp-json\/wp\/v2\/users\/1"}],"replies":[{"embeddable":true,"href":"https:\/\/immersivalab.com\/proeducation\/wp-json\/wp\/v2\/comments?post=2"}],"version-history":[{"count":17,"href":"https:\/\/immersivalab.com\/proeducation\/wp-json\/wp\/v2\/pages\/2\/revisions"}],"predecessor-version":[{"id":1294,"href":"https:\/\/immersivalab.com\/proeducation\/wp-json\/wp\/v2\/pages\/2\/revisions\/1294"}],"wp:attachment":[{"href":"https:\/\/immersivalab.com\/proeducation\/wp-json\/wp\/v2\/media?parent=2"}],"curies":[{"name":"wp","href":"https:\/\/api.w.org\/{rel}","templated":true}]}}